{"id":10841,"date":"2021-12-20T20:55:52","date_gmt":"2021-12-21T03:55:52","guid":{"rendered":"https:\/\/gnosticstudies.org\/?page_id=10841"},"modified":"2025-08-05T08:06:34","modified_gmt":"2025-08-05T15:06:34","slug":"historical-background-1800s","status":"publish","type":"page","link":"https:\/\/gnosticstudies.org\/index.php\/alchemy\/runology\/historical-background-1800s\/","title":{"rendered":"Historical Background (18th and 19th Centuries)"},"content":{"rendered":"<h2>Relevant Esoteric Influences in the 19th Century<\/h2>\n<h3>Religious Currents in Europe leading up to and during the 1800s<\/h3>\n<p>With the popularity of Freemasonry beginning to decline by the mid to late 1800s, space started to open for other groups to make an attempt at holding the torch of spiritual reform in Europe.  <\/p>\n<p>Now, some new esoteric, spiritual or religious currents become popular that will play a role in the emergence of the Runology of the 20th century.  They were:<\/p>\n<blockquote><p><strong>1) the Spiritualist Movement \u2013<\/strong> a combination of the ideas of Swedenborg (highlighting personal revelation) and Mesmer (emphasizing energetic healing)<br \/>\n<strong>2) the Od or Odic Force \u2013<\/strong> Reichenbach\u2019s idea of Vital Force(s) that emanate from all living things (somewhat similar to Mesmer&#8217;s \u201cLiving-Magnetism\u201d)<br \/>\n<strong>3) the Theosophical Movement \u2013<\/strong> bringing Eastern ideas to Europe (and to the West in general) and, with it, the popularity of Esotericism and Occultism<\/p><\/blockquote>\n<p>When these currents merge together with the <em>V\u00f6lkisch <\/em> Movement, then we have the ingredients for a new wave of Runic Esotericism.  If we want to understand the environment wherein the <em>V\u00f6lkisch <\/em> Movement was able to flourish, we\u2019ll have to back up a little in history to see the bigger picture.<br \/>\n&nbsp;<\/p>\n<h4>The Great Awakenings<\/h4>\n<p>After the Protestant Reformation (which began in German in October of 1517 and ended sometime in the mid-1600s), there continued to be attempts to reform traditional Christianity in Europe.  The belief in personal empowerment and independence in religious matters has its roots in the Protestant Reformation, but now we start to see a variety of unique religious flavors emerging&#8230;<\/p>\n<p><img decoding=\"async\" src=\"\/images\/Fama_fraternitatis_RC (1614)_sm.jpg\" align=\"right\" width=\"110\">Beginning in the early to mid-1700s, there were a number of surges in religious popularity that historians have named the \u201cGreat Awakenings\u201d.  We have already noted the Rosicrucian manifestos and their influence above, so now let\u2019s look at other religious currents during the same time period. <\/p>\n<p>According to the scholar Christine Leigh Heyrman, <\/p>\n<blockquote><p>\u201cduring the middle decades of the 18th century, <u>a new \u2018Age of Faith\u2019 arose<\/u> to counter the currents of the Age of Enlightenment, <u>to reaffirm the view that being truly religious meant trusting the heart rather than the head<\/u>, prizing feeling more than thinking, and relying on biblical revelation rather than human reason.\u201d<\/p><\/blockquote>\n<p>The philosophers of the 18th-century Enlightenment had a dramatic effect on subsequent developments in philosophy and religion.  In particular, the works of the German Philosopher Immanuel Kant (1724-1804) gave rise to a new generation of German philosophers and they began to see wider recognition internationally.  However, in a reaction to the Enlightenment, Romanticism began to develop towards the end of the 18th century. Key ideas that sparked changes in philosophy were the fast progress of science, including the idea of &#8216;evolution&#8217;.<\/p>\n<p>The first Great Awakening was an evangelical upsurge in England, Scotland, Germany and the American colonies between the 1730s and the 1770s.  It has been described as <u>a focus on religious experience, rather than on traditional doctrinal divisions<\/u> (between the Protestant and Catholic churches).  With it, there was an emphasis on religious faith as opposed to religious intellectualism and scholasticism.  Here we also see the emergence of the theological view that religious conversion had to be a &#8220;new birth&#8221; experienced in the heart and not simply an intellectual grasp of \u2018proper\u2019 Christian doctrine.<\/p>\n<p>The second Great Awakening began around 1790, gaining momentum by 1800 and on into the 1820s, before losing much of its momentum in the 1840s.  During this time, there was more emotional preaching and the need for not only personal reform, but also social change (getting rid of &#8220;sin&#8221; in all its forms).  <\/p>\n<p>Scholar Henry S. Commanger, in his paper <em>The Significance of Freedom of Religion in American History<\/em> (published in 1982, in the book <a href=\"https:\/\/books.google.com\/books?id=0sJQNxqTxJwC&#038;pg=PA16#v=onepage&#038;q&#038;f=false\" target=\"_blank\" rel=\"noopener\">Freedom of Religion in America<\/a>) says that &#8220;Romanticism found expression in the Great Awakening of the mid-eighteenth-century, which was <u>characterized by en\u00adthusiasm, emotion, and an appeal to the super-natural<\/u>&#8220;, this he also contrasts with the skeptical rationalism of the Enlightenment.  <\/p>\n<p>There are scholars who claim that there were more Great Awakenings (such as: a Third from 1855\u20131930 and a Fourth from 1960\u20131980), but for our purposes we only to look at these first two.  We can see that both of them emphasize a more personal and emotional perspective of religion, instead of just adherence to a doctrine.  Thus, <u>the seeds for a personal interpretation of religious teachings begin to grow from here<\/u> and, as the influence of these Great Awakenings begins to wane, we see the emergence of a new spiritual movement called \u2018Spiritism\u2019 or \u2018Spiritualism\u2019.<\/p>\n<p style=\"text-align: right;\">-Paraphrased from <a href=\"https:\/\/en.wikipedia.org\/wiki\/Second_Great_Awakening\" target=\"_blank\" rel=\"noopener\">Wikipedia articles<\/a> as well as <a href=\"https:\/\/www.nationalgeographic.org\/article\/protestant-reformation\/\" target=\"_blank\" rel=\"noopener\">National Geographic<\/a><\/p>\n<p>&nbsp;<\/p>\n<h4><img decoding=\"async\" src=\"\/images\/Broadsheet_equating_spiritualism_with_witchcraft2_sm.jpg\" align=\"right\" width=\"325\">Spiritualism<\/h4>\n<p>Spiritualism first appeared in the 1840s in upstate New York (earlier religious movements such as Millerism and Mormonism had also emerged from this area, during the second Great Awakening).  <\/p>\n<p>Many believed that this area was a special place where direct communication with God or angels was possible.  <\/p>\n<p>Spiritualism was concerned with the afterlife and communicating with \u2018the spirits of dead people\u2019 (whom they called \u2018discarnate humans\u2019 or simply \u2018spirits\u2019).  Central to their system is <u>the idea that \u2018spirits\u2019 are capable of growth and perfection, progressing through higher spheres or planes, and that the afterlife is not a static state, but one in which \u2018spirits\u2019 evolve<\/u>.  <\/p>\n<p>Here we see the emergence of the idea that a disincarnated person can continue to develop after death, similar to a \u2018spiritual evolution\u2019.  <\/p>\n<p>One of the reasons Spiritualists were interested in contacting spirits was the idea that spirits can provide knowledge about moral and ethical issues, as well as about God and the afterlife.  Many believers therefore speak of &#8220;spirit guides&#8221; (specific spirits, often contacted, and relied upon for guidance).   <\/p>\n<p>Spiritualists believe that those they called \u2018spirit mediums\u2019 are gifted with the ability to communicate with \u2018spirits\u2019, however anyone may become a \u2018medium\u2019 through study and practice.  According to Spiritualists, anyone may receive \u2018spirit\u2019 messages, but formal communication sessions (s\u00e9ances) are held by mediums, whereby they claim to directly receive information.<\/p>\n<p style=\"text-align: right;\">-Paraphrased from <a href=\"https:\/\/en.wikipedia.org\/wiki\/Spiritualism\" target=\"_blank\" rel=\"noopener\">Wikipedia articles<\/a> <\/p>\n<p>&nbsp;<\/p>\n<h3>1) Swedenborg, Mesmer and the Foundations of Spiritualism<\/h3>\n<p>For Spiritualists, the writings of Emanuel Swedenborg (1688\u20131772) and the teachings of Franz Mesmer (1734\u20131815) provided an outline for accessing direct personal knowledge regarding the afterlife, the \u2018spirit\u2019 world and the supernatural.<br \/>\n&nbsp;<\/p>\n<h4>Swedenborg&#8217;s Spiritual Awakening<\/h4>\n<p><img decoding=\"async\" src=\"\/images\/EmanuelSwedenborg.jpg\" align=\"right\" width=\"220\">Swedenborg was a Swedish Lutheran theologian, scientist, philosopher and mystic, who was best known for his book on the afterlife, <em>Heaven and its Wonders and Hell From Things Heard and Seen [De Caelo et Eius Mirabilibus et de inferno, ex Auditis et Visis] <\/em> (1758).  This book is often known as simply &#8220;Heaven and Hell&#8221; in English translations.  <\/p>\n<p>Prior to his spiritual career, Swedenborg was an inventor and a scientist.  But then, at 53, he entered into a spiritual phase where he experienced dreams and visions, which began on 6 April 1744 (Easter Weekend).  <u>It culminated in a &#8216;spiritual awakening&#8217; in which he received a revelation that he was appointed by the Lord Jesus Christ to reform Christianity.<\/u>  <\/p>\n<p>In Swedenborg&#8217;s understanding: after death, we wake up in the &#8216;intermediate region&#8217; of the spiritual world, neither in Heaven nor Hell, but in a neutral &#8220;no man&#8217;s land&#8221; that he called the &#8220;World of Spirits&#8221;.  Here we gradually lose the ability to pretend and the spiritual \u201creal us\u201d comes out.  Following this judgment, the new \u2018spirit\u2019 goes on to the Heaven or Hell by its own free will.  God does not force them.  Spirits gather with those that are similar to themselves, whether in Heaven or Hell.<\/p>\n<p>According to Swedenborg, people are kept in spiritual freedom by means of the equilibrium between Heaven and Hell.  He says that anyone can enter Heaven, but as soon as an evil person inhales the Heavenly air, they have excruciating torment so they quickly shun it and escape to keep with their true state.  He emphasized that the basic spiritual orientation of a person toward good or evil cannot be changed after death.  Thus, an evil spirit could leave hell, but never wants to.<\/p>\n<p>&nbsp;<br \/>\nTwo features of Swedenborg\u2019s view particularly resonated with the early Spiritualists: <\/p>\n<blockquote><p>1) that there is not a single Hell and a single Heaven, but rather a series of higher and lower Heavens and Hells;<br \/>\n2) that \u2018spirits\u2019 are intermediates between God and humans, such that the divine sometimes uses them as a means of communication.<\/p><\/blockquote>\n<p>Although Swedenborg actually warned against seeking out \u2018spirit\u2019 contact, his works seem to have inspired others to, in fact, do so.<\/p>\n<p style=\"text-align: right;\">-Paraphrased from <a href=\"https:\/\/en.wikipedia.org\/wiki\/Emanuel_Swedenborg\" target=\"_blank\" rel=\"noopener\">Wikipedia articles<\/a> <\/p>\n<p>&nbsp;<\/p>\n<h4>Mesmer&#8217;s &#8220;Living-Magnetism&#8221;<\/h4>\n<p><img decoding=\"async\" src=\"\/images\/Franz_Anton_Mesmer2.jpg\" align=\"right\" width=\"210\">The second person who influenced Spiritualism was Franz Friedrich Anton Mesmer (1734-1815), a German medical doctor with an interest in astronomy.  <\/p>\n<p>In 1766 he published a doctoral dissertation where he discussed the influence of the Moon and the planets on the human body and on disease.  Almost 75 years earlier, in 1687, Sir Isaac Newton explained that ocean tides result from the gravitational attraction of the Sun and Moon on the oceans of the earth.  Tidal generating forces vary inversely as the cube of the distance from the tide generating object.<\/p>\n<p>Mesmer&#8217;s dissertation was called <em>De planetarum influxu in corpus humanum<\/em> [&#8220;On the Influence of the Planets on the Human Body&#8221;], and it built off of Isaac Newton&#8217;s theory of the tides, suggesting that <u>certain tides in the human body might correspond to the movements of the Sun and Moon<\/u>.<\/p>\n<p>At the beginning of 1768, Mesmer got married and started his practice as a doctor in Vienna, Austria.  Over the next few years he would experiment with attempting to heal patients by provoking an  &#8220;artificial tide&#8221; in them.  <\/p>\n<p>In 1776, Mesmer published a book in German, entitled <em>Schreiben \u00fcber die Magnetkur <\/em> [&#8220;Writings about the Magnetic-Cure&#8221;] in which he mentions his dissertation and gives examples of his findings from &#8216;magnetic&#8217; experiments with people and animals.  The following year, after partial success in curing the blindness of an 18-year-old musician, Mesmer decided to leave Vienna.  He moved to Paris, France and rented an apartment and established a medical practice.  Here, it is said that he was often visited by Mozart.<\/p>\n<p>In Paris, he published a French language book <em>M\u00e9moire sur la D\u00e9couverte du Magn\u00e9tisme Animal<\/em> [&#8220;Memoir on the Discovery of Animal Magnetism&#8221;] in 1779, with the help of one of his French students.  At the end of this book he gave 27 &#8220;Propositions&#8221; or Axioms regarding &#8216;magnetism&#8217;. <\/p>\n<p>Mesmer&#8217;s &#8216;magnetic&#8217; theories center around a natural energy transference that he says occurs between all animated and inanimate objects.  For him, this invisible natural force was possessed by all living things, including humans, animals, and vegetables.  He also believed that this force could have physical effects, including healing.  <\/p>\n<p>&nbsp;<br \/>\nMesmer\u2019s ideas attracted a wide following between about 1780 and 1850, and continued to have some influence until the end of the 1800s.  Although he did not contribute religious beliefs to the Spiritualists, <u>some of his techniques (later known as hypnotism) were used to help induce trances<\/u>.  Through these trances subjects often reported contact with supernatural beings (which they often referred to as \u2018spirit\u2019).  <\/p>\n<p><!--One of the best known of those who combined the concepts of Swedenborg and Mesmer was Andrew Jackson Davis, a practicing Mesmerist, faith healer and clairvoyant.  In 1847, Davis dictated a book to a friend while in a trance which eventually became something like a canonical work for the Spiritualist movement.  His system was called \"harmonial philosophy\".  --><\/p>\n<p style=\"text-align: right;\">-Paraphrased from <a href=\"https:\/\/en.wikipedia.org\/wiki\/Franz_Mesmer\" target=\"_blank\" rel=\"noopener\">Wikipedia articles<\/a> as well as <a href=\"https:\/\/oceanservice.noaa.gov\/education\/tutorial_tides\/tides02_cause.html\" target=\"_blank\" rel=\"noopener\">an NOAA article<\/a><\/p>\n<p>&nbsp;<\/p>\n<h3>2) Reichenbach\u2019s Odic Force<\/h3>\n<p><img decoding=\"async\" src=\"\/images\/Karl_von_Reichenbach_Litho2.jpg\" align=\"right\" width=\"270\">Baron Dr. Karl Ludwig von Reichenbach (1788-1869) was a notable chemist, geologist, metallurgist, naturalist, industrialist and philosopher<!--, who is discovered several chemical products of economic importance, extracted from tar (such as eupione, waxy paraffin, pittacal and phenol)-->. Towards the end of his life, he dedicated himself to research on a field of energy (combining electricity, magnetism and heat) emanating from all living things, which he called the &#8216;Odic force&#8217;.<\/p>\n<p>In 1839, Reichenbach retired and began an investigation into the pathologies of the human nervous system.  He studied neurasthenia, somnambulism, hysteria and phobia (at the time, there were reports that these conditions were affected by the Moon).  <\/p>\n<p>After interviewing many patients he was able to rule out many causes and cures, but came to the conclusion these ailments tended to affect people who had particularly vivid sensory faculties, whom he called &#8220;sensitives&#8221;.  Influenced by Mesmer&#8217;s theories, Reichenbach considered that these conditions may be affected by environmental electro-magnetism.  <\/p>\n<p>He began investigating how the human nervous system could be affected by various substances, and discovered the existence of a new force that seemed to be connected to electricity, magnetism, and heat.  He thought this force was radiated by most substances and that &#8220;sensitives&#8221; were more influenced than others.  <\/p>\n<p>His investigations led him to propose that this new force was similar to magnetism and was a kind of &#8220;life principle&#8221; that permeated and connected all living things together.  He named it the &#8216;Odic force&#8217; and said that: <\/p>\n<blockquote><p>1) the Odic force has a positive and negative flux, and a light and dark side;<br \/>\n2) individuals can forcefully &#8220;emanate&#8221; it, particularly from the hands, mouth, and forehead;<br \/>\n3) and that it has many possible applications. <\/p><\/blockquote>\n<p>The Odic force was said to explain the phenomenon of hypnotism.  In Britain, after the translation of Reichenbach&#8217;s <em>Researches on Magnetism, Electricity, Heat and Light in their Relations to Vital Forces <\/em> in 1850 by Dr. Gregory (professor of chemistry at the University of Edinburgh), research was undertaken to try to show many of the Odic phenomena to be of the same nature as those described previously by Franz Mesmer and Emanuel Swedenborg.<\/p>\n<p>Reichenbach hoped to develop scientific proof for this universal life force, but he did not put forth any reliable way to do controlled experiments with so-called &#8220;sensitives&#8221;.  The &#8220;sensitives&#8221; had to work in total or near-total darkness in order to be able to observe the phenomena.  His experiments relied on the perceptions reported of those who claimed to be &#8220;sensitive&#8221; (since he was unable observe any of the reported phenomena himself), but scientists were unable to duplicate these experiments.<\/p>\n<p>&nbsp;<br \/>\nProponents of the Odic force say that, in total darkness, it is visible as colored auras surrounding living things, crystals, and magnets, but that viewing it requires time first spent in total darkness, and only very sensitive people have the ability to see it.  They also say that it resembles the Eastern Qi and Prana, but unlike these: the Odic force was not associated with breath, but instead mostly with biological electromagnetic fields.<\/p>\n<p style=\"text-align: right;\">-Paraphrased from <a href=\"https:\/\/en.wikipedia.org\/wiki\/Carl_Reichenbach\" target=\"_blank\" rel=\"noopener\">Wikipedia articles<\/a> <\/p>\n<p>&nbsp;<\/p>\n<p>&nbsp;<br \/>\n<!--\n\n\n<h3>3) Blavatsky\u2019s Theosophical Movement<\/h3>\n\n\n\n\n<p>Helena Petrovna Blavatsky (1831\u20131891) was born in Russia and studied Esotericism throughout Europe and the Middle East before eventually traveling to India and Tibet.  Sometime between 1967-1868, she traveled to Constantinople, where she met Master Morya and together they traveled overland to Tibet.  There they stayed with another spiritual Master named Koot Hoomi, near to Tashilhunpo Monastery, Shigatse (modern Xigaz\u00ea). \n\nThere she claimed she was taught an ancient, unknown language (known as <em>Senzar<\/em>) and translated a number of ancient texts written in this language that were preserved by the monks of a monastery.  She also claimed that while in Tibet, she was taught how to develop and control her psychic powers.  \n\nBlavatsky alleged that she left Tibet with the mission of proving to the world that the phenomena identified by Spiritualists was objectively real, thus defending it against accusations of fraud made by scientific materialists.  However, she also stated that the entities being contacted by Spiritualist mediums were not the spirits of the dead (as the Spiritualist movement typically alleged), but instead either mischievous elementals or the \"shells\" left behind by the deceased.  \n\nAfter traveling to Cairo in 1871, she established a <em>soci\u00e9t\u00e9 spirite<\/em> with the help of Emma Cutting.  This group was largely based on Spiritism, a form of Spiritualism founded by Allan Kardec which professed a belief in reincarnation, in contrast to the mainstream Spiritualist movement.  However, Blavatsky believed that Cutting and many of the mediums employed by the society were fraudulent, and so she closed it down after two weeks. \n\nLater (after returning to Europe), in 1874, Blavatsky traveled to the United States, where she met Henry Steel Olcott, who soon became her friend and spiritual collaborator.  Then, in September of 1875, Blavatsky, Olcott, and an Irish Spiritualist named William Q. Judge decided to establish an esoteric organization which they called the \u201cTheosophical Society\u201d.  \n\nThat same year (1875), Blavatsky began work on a book outlining her Theosophical worldview.  Although she had hoped to call it The Veil of Isis, it was published as Isis Unveiled.  While writing it, Blavatsky claimed to be aware of a second consciousness within her body, referring to it as \u201cthe lodger who is in me\u201d, and stating that it was this second consciousness that inspired much of the writing.  It was first published in two volumes in 1877.  \n\nIsis Unveiled became very popular and all 1000 copies first edition sold out in one week.  It has been described by Nicholas Goodrick-Clarke in his book <em>Helena Blavatsky<\/em> (2004) as teaching a universal doctrine present in all religions and cultures: \n<dir>\u201cThe underlying theme among these diverse topics [in <em>Isis Unveiled<\/em>] is the existence of an ancient wisdom-religion, an ageless occult guide to the cosmos, nature and human life.  The many faiths of man are said to derive from a universal religion known to both Plato and the ancient Hindu sages.  \n\nThe wisdom-religion is also identified with Hermetic philosophy as \"the only possible key to the Absolute in science and theology\" (I, vii).  Every religion is based on the same truth or \"secret doctrine\", which contains \"the alpha and omega of universal science\" (I, 511).  This ancient wisdom-religion will become the religion of the future (I, 613).\u201d<\/dir>\n\nNow Theosophical \u2018Lodges\u2019 (formally organized groups who met regularly to study and present information to the public) were being established throughout the United States and Europe.  In 1879, Blavatsky moved back to India and continued to teach her doctrine there, before returning to Europe in 1883.  \n\nIn 1885, Blavatsky resigned as secretary of the Theosophical society (due to deteriorating health) and started focusing on her next book, The Secret Doctrine.  This was eventually published in 1888 in two volumes: the first volume is named Cosmogenesis, and the second Anthropogenesis.  \n\nThis book is of particular interest for our studies because this is where Blavatsky presents the concepts of the Seven Rounds and the Seven Root-Races and says that the \"Aryan\" race is the 5th, describing it with the following words:\n\n<dir>\u201cThe Aryan races, for instance, now varying from dark brown, almost black, red-brown-yellow, down to the whitest creamy colour, are yet all of one and the same stock \u2013 the Fifth Root-Race \u2013 and spring from one single progenitor, ... who is said to have lived over 18,000,000 years ago, and also 850,000 years ago \u2013 at the time of the sinking of the last remnants of the great continent of Atlantis.\u201d<\/dir>\n\n\n<div align=\"right\"> \u2014 <em>The Secret Doctrine<\/em>, Vol. II, p.249<\/div>\n\n\n\n&nbsp;\nNot only was the term Aryan used by the Theosophical movement, but so was the swastika\u2026<\/p>\n\n\n\n--><\/p>\n<p>We&#8217;ll look at the 3rd aspect, the Theosophical Movement, in the next class.<\/p>\n<p>&nbsp;<\/p>\n<p>&nbsp;<\/p>\n<p style=\"text-align: center;\">Download the Handout for this class:<br \/>\n<div class='w3eden'><!-- WPDM Link Template: Default Template -->\n\n<div class=\"link-template-default card mb-2\">\n    <div class=\"card-body\">\n        <div class=\"media\">\n            <div class=\"mr-3 img-48\"><img decoding=\"async\" class=\"wpdm_icon\" alt=\"Icon\"   src=\"https:\/\/gnosticstudies.org\/wp-content\/plugins\/download-manager\/assets\/file-type-icons\/pdf.svg\" \/><\/div>\n            <div class=\"media-body\">\n                <h3 class=\"package-title\"><a href='https:\/\/gnosticstudies.org\/index.php\/download\/gnostic-runology-historical-influences-2\/'>Gnostic Runology \u2013 Historical Influences 2<\/a><\/h3>\n                <div class=\"text-muted text-small\"><i class=\"fas fa-copy\"><\/i> 1 file(s) <i class=\"fas fa-hdd ml-3\"><\/i> 26 KB<\/div>\n            <\/div>\n            <div class=\"ml-3\">\n                <a class='wpdm-download-link download-on-click btn btn-primary ' rel='nofollow' href='#' data-downloadurl=\"https:\/\/gnosticstudies.org\/index.php\/download\/gnostic-runology-historical-influences-2\/?wpdmdl=11511&refresh=69d74177994111775714679\">Download<\/a>\n            <\/div>\n        <\/div>\n    <\/div>\n<\/div>\n\n<\/div><\/p>\n<p>&nbsp;<\/p>\n<p style=\"text-align: center;\">\u2013 = <a href=\"\/index.php\/alchemy\/runology\/historical-context\/\"><strong>Read the NEXT PART<\/strong><\/a> = \u2013<\/p>\n<p>&nbsp;<\/p>\n","protected":false},"excerpt":{"rendered":"<p>Relevant Esoteric Influences in the 19th Century Religious Currents in Europe leading up to and during the 1800s With the popularity of Freemasonry beginning to decline by the mid to late 1800s, space started to open for other groups to make an attempt at holding the torch of spiritual reform in Europe. Now, some new [&hellip;]<\/p>\n","protected":false},"author":1,"featured_media":0,"parent":1068,"menu_order":508,"comment_status":"closed","ping_status":"closed","template":"","meta":{"footnotes":""},"categories":[51,23,7,43],"tags":[],"_links":{"self":[{"href":"https:\/\/gnosticstudies.org\/index.php\/wp-json\/wp\/v2\/pages\/10841"}],"collection":[{"href":"https:\/\/gnosticstudies.org\/index.php\/wp-json\/wp\/v2\/pages"}],"about":[{"href":"https:\/\/gnosticstudies.org\/index.php\/wp-json\/wp\/v2\/types\/page"}],"author":[{"embeddable":true,"href":"https:\/\/gnosticstudies.org\/index.php\/wp-json\/wp\/v2\/users\/1"}],"replies":[{"embeddable":true,"href":"https:\/\/gnosticstudies.org\/index.php\/wp-json\/wp\/v2\/comments?post=10841"}],"version-history":[{"count":80,"href":"https:\/\/gnosticstudies.org\/index.php\/wp-json\/wp\/v2\/pages\/10841\/revisions"}],"predecessor-version":[{"id":18597,"href":"https:\/\/gnosticstudies.org\/index.php\/wp-json\/wp\/v2\/pages\/10841\/revisions\/18597"}],"up":[{"embeddable":true,"href":"https:\/\/gnosticstudies.org\/index.php\/wp-json\/wp\/v2\/pages\/1068"}],"wp:attachment":[{"href":"https:\/\/gnosticstudies.org\/index.php\/wp-json\/wp\/v2\/media?parent=10841"}],"wp:term":[{"taxonomy":"category","embeddable":true,"href":"https:\/\/gnosticstudies.org\/index.php\/wp-json\/wp\/v2\/categories?post=10841"},{"taxonomy":"post_tag","embeddable":true,"href":"https:\/\/gnosticstudies.org\/index.php\/wp-json\/wp\/v2\/tags?post=10841"}],"curies":[{"name":"wp","href":"https:\/\/api.w.org\/{rel}","templated":true}]}}